{"id":204,"date":"2018-06-13T11:45:42","date_gmt":"2018-06-13T11:45:42","guid":{"rendered":"https:\/\/themes.themegoods.com\/hoteller\/luxury\/?page_id=204"},"modified":"2022-06-24T16:07:15","modified_gmt":"2022-06-24T14:07:15","slug":"chambres-hotel-corse-mariastella","status":"publish","type":"page","link":"https:\/\/www.mariastella.com\/en\/chambres-hotel-corse-mariastella\/","title":{"rendered":"Our rooms"},"content":{"rendered":"<div data-elementor-type=\"wp-post\" data-elementor-id=\"204\" class=\"elementor elementor-204\">\n\t\t\t\t\t\t<section class=\"elementor-section elementor-top-section elementor-element elementor-element-1455370 elementor-section-stretched elementor-section-height-min-height elementor-section-boxed elementor-section-height-default elementor-section-items-middle\" data-id=\"1455370\" data-element_type=\"section\" data-settings=\"{&quot;stretch_section&quot;:&quot;section-stretched&quot;,&quot;background_background&quot;:&quot;classic&quot;,&quot;hoteller_ext_is_background_parallax&quot;:&quot;false&quot;,&quot;hoteller_ext_is_background_on_scroll&quot;:&quot;false&quot;}\">\n\t\t\t\t\t\t\t<div class=\"elementor-background-overlay\"><\/div>\n\t\t\t\t\t\t\t<div class=\"elementor-container elementor-column-gap-default\">\n\t\t\t\t\t<div class=\"elementor-column elementor-col-100 elementor-top-column elementor-element elementor-element-f011a00\" data-id=\"f011a00\" data-element_type=\"column\" data-settings=\"{&quot;hoteller_ext_link_sidemenu&quot;:&quot;false&quot;,&quot;hoteller_ext_link_fullmenu&quot;:&quot;false&quot;,&quot;hoteller_ext_is_scrollme&quot;:&quot;false&quot;,&quot;hoteller_ext_is_smoove&quot;:&quot;false&quot;,&quot;hoteller_ext_is_parallax_mouse&quot;:&quot;false&quot;,&quot;hoteller_ext_is_infinite&quot;:&quot;false&quot;,&quot;hoteller_ext_is_fadeout_animation&quot;:&quot;false&quot;,&quot;hoteller_ext_mobile_static&quot;:&quot;false&quot;}\">\n\t\t\t<div class=\"elementor-widget-wrap elementor-element-populated\">\n\t\t\t\t\t\t<div class=\"elementor-element elementor-element-f0e1a3c elementor-invisible elementor-widget elementor-widget-heading\" data-id=\"f0e1a3c\" data-element_type=\"widget\" data-settings=\"{&quot;_animation&quot;:&quot;fadeInUp&quot;,&quot;hoteller_ext_link_sidemenu&quot;:&quot;false&quot;,&quot;hoteller_ext_link_fullmenu&quot;:&quot;false&quot;,&quot;hoteller_ext_is_scrollme&quot;:&quot;false&quot;,&quot;hoteller_ext_is_smoove&quot;:&quot;false&quot;,&quot;hoteller_ext_is_parallax_mouse&quot;:&quot;false&quot;,&quot;hoteller_ext_is_infinite&quot;:&quot;false&quot;,&quot;hoteller_ext_is_fadeout_animation&quot;:&quot;false&quot;,&quot;hoteller_ext_mobile_static&quot;:&quot;false&quot;}\" data-widget_type=\"heading.default\">\n\t\t\t\t<div class=\"elementor-widget-container\">\n\t\t\t\t\t<h1 class=\"elementor-heading-title elementor-size-default\">Our rooms<\/h1>\t\t\t\t<\/div>\n\t\t\t\t<\/div>\n\t\t\t\t<div class=\"elementor-element elementor-element-a29b869 elementor-invisible elementor-widget elementor-widget-heading\" data-id=\"a29b869\" data-element_type=\"widget\" data-settings=\"{&quot;_animation&quot;:&quot;fadeInUp&quot;,&quot;_animation_delay&quot;:400,&quot;hoteller_ext_link_sidemenu&quot;:&quot;false&quot;,&quot;hoteller_ext_link_fullmenu&quot;:&quot;false&quot;,&quot;hoteller_ext_is_scrollme&quot;:&quot;false&quot;,&quot;hoteller_ext_is_smoove&quot;:&quot;false&quot;,&quot;hoteller_ext_is_parallax_mouse&quot;:&quot;false&quot;,&quot;hoteller_ext_is_infinite&quot;:&quot;false&quot;,&quot;hoteller_ext_is_fadeout_animation&quot;:&quot;false&quot;,&quot;hoteller_ext_mobile_static&quot;:&quot;false&quot;}\" data-widget_type=\"heading.default\">\n\t\t\t\t<div class=\"elementor-widget-container\">\n\t\t\t\t\t<h5 class=\"elementor-heading-title elementor-size-default\">D\u00e9couvrez nos diff\u00e9rentes chambres au c\u0153ur de l'\u00cele-Rousse.<br \/>L'h\u00f4tel dispose de chambres PMR.<\/h5>\t\t\t\t<\/div>\n\t\t\t\t<\/div>\n\t\t\t\t<div class=\"elementor-element elementor-element-1ee6a46 elementor-widget__width-initial elementor-widget elementor-widget-shortcode\" data-id=\"1ee6a46\" data-element_type=\"widget\" data-settings=\"{&quot;hoteller_ext_link_sidemenu&quot;:&quot;false&quot;,&quot;hoteller_ext_link_fullmenu&quot;:&quot;false&quot;,&quot;hoteller_ext_is_scrollme&quot;:&quot;false&quot;,&quot;hoteller_ext_is_smoove&quot;:&quot;false&quot;,&quot;hoteller_ext_is_parallax_mouse&quot;:&quot;false&quot;,&quot;hoteller_ext_is_infinite&quot;:&quot;false&quot;,&quot;hoteller_ext_is_fadeout_animation&quot;:&quot;false&quot;,&quot;hoteller_ext_mobile_static&quot;:&quot;false&quot;}\" data-widget_type=\"shortcode.default\">\n\t\t\t\t<div class=\"elementor-widget-container\">\n\t\t\t\t\t\t\t<div class=\"elementor-shortcode\"><div id=\"widgetMB2\"><\/div>\r\n<script>\r\nvar langue = 'fr';\r\nvar id_etab = '7d26750033459aab20a3ed27e823d325';\r\nvar param = '12012120000200000345411';\r\n<\/script>\r\n<script src=\"https:\/\/www.secure-direct-hotel-booking.com\/widget\/scriptWidget.js\"><\/script><\/div>\n\t\t\t\t\t\t<\/div>\n\t\t\t\t<\/div>\n\t\t\t\t\t<\/div>\n\t\t<\/div>\n\t\t\t\t\t<\/div>\n\t\t<\/section>\n\t\t\t\t<section class=\"elementor-section elementor-top-section elementor-element elementor-element-f668637 elementor-section-boxed elementor-section-height-default elementor-section-height-default\" data-id=\"f668637\" data-element_type=\"section\" data-settings=\"{&quot;hoteller_ext_is_background_parallax&quot;:&quot;false&quot;,&quot;hoteller_ext_is_background_on_scroll&quot;:&quot;false&quot;}\">\n\t\t\t\t\t\t<div class=\"elementor-container elementor-column-gap-default\">\n\t\t\t\t\t<div class=\"elementor-column elementor-col-100 elementor-top-column elementor-element elementor-element-858096b\" data-id=\"858096b\" data-element_type=\"column\" data-settings=\"{&quot;hoteller_ext_link_sidemenu&quot;:&quot;false&quot;,&quot;hoteller_ext_link_fullmenu&quot;:&quot;false&quot;,&quot;hoteller_ext_is_scrollme&quot;:&quot;false&quot;,&quot;hoteller_ext_is_smoove&quot;:&quot;false&quot;,&quot;hoteller_ext_is_parallax_mouse&quot;:&quot;false&quot;,&quot;hoteller_ext_is_infinite&quot;:&quot;false&quot;,&quot;hoteller_ext_is_fadeout_animation&quot;:&quot;false&quot;,&quot;hoteller_ext_mobile_static&quot;:&quot;false&quot;}\">\n\t\t\t<div class=\"elementor-widget-wrap elementor-element-populated\">\n\t\t\t\t\t\t<div class=\"elementor-element elementor-element-c292430 elementor-widget elementor-widget-hoteller-accommodation-types\" data-id=\"c292430\" data-element_type=\"widget\" data-settings=\"{&quot;hoteller_ext_link_sidemenu&quot;:&quot;false&quot;,&quot;hoteller_ext_link_fullmenu&quot;:&quot;false&quot;,&quot;hoteller_ext_is_scrollme&quot;:&quot;false&quot;,&quot;hoteller_ext_is_smoove&quot;:&quot;false&quot;,&quot;hoteller_ext_is_parallax_mouse&quot;:&quot;false&quot;,&quot;hoteller_ext_is_infinite&quot;:&quot;false&quot;,&quot;hoteller_ext_is_fadeout_animation&quot;:&quot;false&quot;,&quot;hoteller_ext_mobile_static&quot;:&quot;false&quot;}\" data-widget_type=\"hoteller-accommodation-types.default\">\n\t\t\t\t<div class=\"elementor-widget-container\">\n\t\t\t\t\t<div class=\"accommodation_type_content_wrapper layout_2\">\n\n<!-- Begin each accommodation type post -->\n\t<div class=\"room_grid_wrapper one_half\">\n\t\t\t<div class=\"post_img_hover\">\n\t\t\t<img decoding=\"async\" class=\"singleroom_other_image\" src=\"https:\/\/www.mariastella.com\/wp-content\/uploads\/2020\/06\/suite-junior-mariastella-hotel-corse-ile-rousse-balagne5-700x466.jpg\" alt=\"\"\/>\n\t\t\t<a class=\"singleroom_other_image_link\" title=\"Suite junior\" href=\"https:\/\/www.mariastella.com\/en\/accommodation\/suite-junior\/\"><\/a>\n\t\t<\/div>\n\t\t<h3 class=\"room_grid_wrapper_header\"><a title=\"Suite junior\" href=\"https:\/\/www.mariastella.com\/en\/accommodation\/suite-junior\/\">Suite junior<\/a><\/h3>\n\t\t\n\t\t\t\t\t<div class=\"room_grid_content_wrapper themeborder\">\n\t\t\t\tLa suite Junior poss\u00e8de une superficie de 25 m\u00b2. Elle dispose d&rsquo;une chambre spacieuse ainsi que d&rsquo;une salle de bain avec douche et sanitaires....\t\t\t<\/div>\n\t\t\t\t<div class=\"room_grid2_action_wrapper\">\n\t\t\t<div class=\"child_one_half themeborder\">\n\t\t\t\t<div class=\"room_grid2_price_label\">From<\/div>\n\t\t\t\t<div class=\"room_grid2_price\">\n\t\t\t\t\t\t\t\t\t\t\t<span class=\"mphb-price\">109\u20ac \/ night<\/span>\n\t\t\t\t\t\t\t\t\t<\/div>\n\t\t\t<\/div>\n\t\t\t\n\t\t\t<div class=\"room_grid2_view child_one_half last\">\n\t\t\t\t<a title=\"Suite junior\" href=\"https:\/\/www.mariastella.com\/en\/accommodation\/suite-junior\/\" class=\"room_grid2_view\">\n\t\t\t\t\tView Detail\t\t\t\t<\/a>\n\t\t\t<\/div>\n\t\t<\/div>\n\t<\/div>\n\n<!-- End each accommodation type post -->\n<!-- Begin each accommodation type post -->\n\t<div class=\"room_grid_wrapper one_half\">\n\t\t\t<div class=\"post_img_hover\">\n\t\t\t<img decoding=\"async\" class=\"singleroom_other_image\" src=\"https:\/\/www.mariastella.com\/wp-content\/uploads\/2020\/06\/suite-superieur-mariastella-hotel-corse-ile-rousse-balagne1-1-700x466.jpg\" alt=\"\"\/>\n\t\t\t<a class=\"singleroom_other_image_link\" title=\"Suite sup\u00e9rieure\" href=\"https:\/\/www.mariastella.com\/en\/accommodation\/suite-superieure\/\"><\/a>\n\t\t<\/div>\n\t\t<h3 class=\"room_grid_wrapper_header\"><a title=\"Suite sup\u00e9rieure\" href=\"https:\/\/www.mariastella.com\/en\/accommodation\/suite-superieure\/\">Suite sup\u00e9rieure<\/a><\/h3>\n\t\t\n\t\t\t\t\t<div class=\"room_grid_content_wrapper themeborder\">\n\t\t\t\tLa suite sup\u00e9rieure poss\u00e8de une large superficie de 35 m\u00b2. Elle dispose d&rsquo;un coin salon avec canap\u00e9, d&rsquo;une grande chambre, d&rsquo;une...\t\t\t<\/div>\n\t\t\t\t<div class=\"room_grid2_action_wrapper\">\n\t\t\t<div class=\"child_one_half themeborder\">\n\t\t\t\t<div class=\"room_grid2_price_label\">From<\/div>\n\t\t\t\t<div class=\"room_grid2_price\">\n\t\t\t\t\t\t\t\t\t\t\t<span class=\"mphb-price\">130\u20ac \/ night<\/span>\n\t\t\t\t\t\t\t\t\t<\/div>\n\t\t\t<\/div>\n\t\t\t\n\t\t\t<div class=\"room_grid2_view child_one_half last\">\n\t\t\t\t<a title=\"Suite sup\u00e9rieure\" href=\"https:\/\/www.mariastella.com\/en\/accommodation\/suite-superieure\/\" class=\"room_grid2_view\">\n\t\t\t\t\tView Detail\t\t\t\t<\/a>\n\t\t\t<\/div>\n\t\t<\/div>\n\t<\/div>\n\n<!-- End each accommodation type post -->\n<!-- Begin each accommodation type post -->\n\t<div class=\"room_grid_wrapper one_half\">\n\t\t\t<div class=\"post_img_hover\">\n\t\t\t<img decoding=\"async\" class=\"singleroom_other_image\" src=\"https:\/\/www.mariastella.com\/wp-content\/uploads\/2020\/06\/chambre-mariastella-hotel-corse-ile-rousse-balagne1-700x466.jpg\" alt=\"\"\/>\n\t\t\t<a class=\"singleroom_other_image_link\" title=\"Chambre\" href=\"https:\/\/www.mariastella.com\/en\/accommodation\/chambre\/\"><\/a>\n\t\t<\/div>\n\t\t<h3 class=\"room_grid_wrapper_header\"><a title=\"Chambre\" href=\"https:\/\/www.mariastella.com\/en\/accommodation\/chambre\/\">Chambre<\/a><\/h3>\n\t\t\n\t\t\t\t\t<div class=\"room_grid_content_wrapper themeborder\">\n\t\t\t\tCovering an area of 17 m\u00b2, the Superior rooms were completely renovated and decorated with a modern and chic style in 2020.\t\t\t<\/div>\n\t\t\t\t<div class=\"room_grid2_action_wrapper\">\n\t\t\t<div class=\"child_one_half themeborder\">\n\t\t\t\t<div class=\"room_grid2_price_label\">From<\/div>\n\t\t\t\t<div class=\"room_grid2_price\">\n\t\t\t\t\t\t\t\t\t\t\t<span class=\"mphb-price\">89\u20ac \/ night<\/span>\n\t\t\t\t\t\t\t\t\t<\/div>\n\t\t\t<\/div>\n\t\t\t\n\t\t\t<div class=\"room_grid2_view child_one_half last\">\n\t\t\t\t<a title=\"Chambre\" href=\"https:\/\/www.mariastella.com\/en\/accommodation\/chambre\/\" class=\"room_grid2_view\">\n\t\t\t\t\tView Detail\t\t\t\t<\/a>\n\t\t\t<\/div>\n\t\t<\/div>\n\t<\/div>\n\n<!-- End each accommodation type post -->\n<!-- Begin each accommodation type post -->\n\t<div class=\"room_grid_wrapper one_half\">\n\t\t\t<div class=\"post_img_hover\">\n\t\t\t<img decoding=\"async\" class=\"singleroom_other_image\" src=\"https:\/\/www.mariastella.com\/wp-content\/uploads\/2022\/10\/suite-familiale-mariastella-hotel-corse-ile-rousse-balagne1-700x466.jpg\" alt=\"\"\/>\n\t\t\t<a class=\"singleroom_other_image_link\" title=\"Suite familiale\" href=\"https:\/\/www.mariastella.com\/en\/accommodation\/suite-familiale\/\"><\/a>\n\t\t<\/div>\n\t\t<h3 class=\"room_grid_wrapper_header\"><a title=\"Suite familiale\" href=\"https:\/\/www.mariastella.com\/en\/accommodation\/suite-familiale\/\">Suite familiale<\/a><\/h3>\n\t\t\n\t\t\t\t\t<div class=\"room_grid_content_wrapper themeborder\">\n\t\t\t\tLa suite familiale\u00a0poss\u00e8de une large superficie de 35 m\u00b2 et peut accueillir jusqu&rsquo;\u00e0 4 personnes. Elle dispose d&rsquo;un lit double en 160cm...\t\t\t<\/div>\n\t\t\t\t<div class=\"room_grid2_action_wrapper\">\n\t\t\t<div class=\"child_one_half themeborder\">\n\t\t\t\t<div class=\"room_grid2_price_label\">From<\/div>\n\t\t\t\t<div class=\"room_grid2_price\">\n\t\t\t\t\t\t\t\t\t\t\t<span class=\"mphb-price\">130\u20ac \/ night<\/span>\n\t\t\t\t\t\t\t\t\t<\/div>\n\t\t\t<\/div>\n\t\t\t\n\t\t\t<div class=\"room_grid2_view child_one_half last\">\n\t\t\t\t<a title=\"Suite familiale\" href=\"https:\/\/www.mariastella.com\/en\/accommodation\/suite-familiale\/\" class=\"room_grid2_view\">\n\t\t\t\t\tView Detail\t\t\t\t<\/a>\n\t\t\t<\/div>\n\t\t<\/div>\n\t<\/div>\n\n<!-- End each accommodation type post --><\/div>\n<br class=\"clear\"\/>\t\t\t\t<\/div>\n\t\t\t\t<\/div>\n\t\t\t\t\t<\/div>\n\t\t<\/div>\n\t\t\t\t\t<\/div>\n\t\t<\/section>\n\t\t\t\t<\/div>","protected":false},"excerpt":{"rendered":"<p>Nos chambres D\u00e9couvrez nos diff\u00e9rentes chambres au c\u0153ur de l&rsquo;\u00cele-Rousse.L&rsquo;h\u00f4tel dispose de chambres PMR. Chambre Classique Le bon plan pour votre s\u00e9jour en Corse. D&rsquo;une superficie entre 17 m\u00b2 et 20 m\u00b2, la chambre Classique dispose d&rsquo;une salle de bain [&hellip;]<\/p>","protected":false},"author":1,"featured_media":0,"parent":0,"menu_order":0,"comment_status":"closed","ping_status":"closed","template":"","meta":{"_monsterinsights_skip_tracking":false,"_monsterinsights_sitenote_active":false,"_monsterinsights_sitenote_note":"","_monsterinsights_sitenote_category":0,"footnotes":""},"class_list":["post-204","page","type-page","status-publish","hentry"],"yoast_head":"<!-- This site is optimized with the Yoast SEO plugin v26.2 - https:\/\/yoast.com\/wordpress\/plugins\/seo\/ -->\n<title>Nos chambres - H\u00f4tel MariaStella | Votre s\u00e9jour en Balagne, \u00e0 l&#039;\u00cele-Rousse en Corse<\/title>\n<meta name=\"description\" content=\"Les chambres de l&#039;h\u00f4tel Maria Stella en Corse sont tr\u00e8s confortables pour vos vacances en Corse. Plusieurs gammes disponibles, vue mer, piscine ou montagnes\" \/>\n<meta name=\"robots\" content=\"index, follow, max-snippet:-1, max-image-preview:large, max-video-preview:-1\" \/>\n<link rel=\"canonical\" href=\"https:\/\/www.mariastella.com\/en\/chambres-hotel-corse-mariastella\/\" \/>\n<meta property=\"og:locale\" content=\"en_GB\" \/>\n<meta property=\"og:type\" content=\"article\" \/>\n<meta property=\"og:title\" content=\"Nos chambres - H\u00f4tel MariaStella | Votre s\u00e9jour en Balagne, \u00e0 l&#039;\u00cele-Rousse en Corse\" \/>\n<meta property=\"og:description\" content=\"Les chambres de l&#039;h\u00f4tel Maria Stella en Corse sont tr\u00e8s confortables pour vos vacances en Corse. Plusieurs gammes disponibles, vue mer, piscine ou montagnes\" \/>\n<meta property=\"og:url\" content=\"https:\/\/www.mariastella.com\/en\/chambres-hotel-corse-mariastella\/\" \/>\n<meta property=\"og:site_name\" content=\"H\u00f4tel MariaStella | Votre s\u00e9jour en Balagne, \u00e0 l&#039;\u00cele-Rousse en Corse\" \/>\n<meta property=\"article:modified_time\" content=\"2022-06-24T14:07:15+00:00\" \/>\n<meta property=\"og:image\" content=\"https:\/\/www.mariastella.com\/wp-content\/uploads\/2020\/06\/image00005-700x466.jpeg\" \/>\n<meta name=\"twitter:card\" content=\"summary_large_image\" \/>\n<meta name=\"twitter:label1\" content=\"Estimated reading time\" \/>\n\t<meta name=\"twitter:data1\" content=\"2 minutes\" \/>\n<script type=\"application\/ld+json\" class=\"yoast-schema-graph\">{\"@context\":\"https:\/\/schema.org\",\"@graph\":[{\"@type\":\"WebPage\",\"@id\":\"https:\/\/www.mariastella.com\/chambres-hotel-corse-mariastella\/\",\"url\":\"https:\/\/www.mariastella.com\/chambres-hotel-corse-mariastella\/\",\"name\":\"Nos chambres - H\u00f4tel MariaStella | Votre s\u00e9jour en Balagne, \u00e0 l&#039;\u00cele-Rousse en Corse\",\"isPartOf\":{\"@id\":\"https:\/\/www.mariastella.com\/#website\"},\"primaryImageOfPage\":{\"@id\":\"https:\/\/www.mariastella.com\/chambres-hotel-corse-mariastella\/#primaryimage\"},\"image\":{\"@id\":\"https:\/\/www.mariastella.com\/chambres-hotel-corse-mariastella\/#primaryimage\"},\"thumbnailUrl\":\"https:\/\/www.mariastella.com\/wp-content\/uploads\/2020\/06\/image00005-700x466.jpeg\",\"datePublished\":\"2018-06-13T11:45:42+00:00\",\"dateModified\":\"2022-06-24T14:07:15+00:00\",\"description\":\"Les chambres de l'h\u00f4tel Maria Stella en Corse sont tr\u00e8s confortables pour vos vacances en Corse. Plusieurs gammes disponibles, vue mer, piscine ou montagnes\",\"breadcrumb\":{\"@id\":\"https:\/\/www.mariastella.com\/chambres-hotel-corse-mariastella\/#breadcrumb\"},\"inLanguage\":\"en-GB\",\"potentialAction\":[{\"@type\":\"ReadAction\",\"target\":[\"https:\/\/www.mariastella.com\/chambres-hotel-corse-mariastella\/\"]}]},{\"@type\":\"ImageObject\",\"inLanguage\":\"en-GB\",\"@id\":\"https:\/\/www.mariastella.com\/chambres-hotel-corse-mariastella\/#primaryimage\",\"url\":\"https:\/\/www.mariastella.com\/wp-content\/uploads\/2020\/06\/image00005-700x466.jpeg\",\"contentUrl\":\"https:\/\/www.mariastella.com\/wp-content\/uploads\/2020\/06\/image00005-700x466.jpeg\"},{\"@type\":\"BreadcrumbList\",\"@id\":\"https:\/\/www.mariastella.com\/chambres-hotel-corse-mariastella\/#breadcrumb\",\"itemListElement\":[{\"@type\":\"ListItem\",\"position\":1,\"name\":\"Accueil\",\"item\":\"https:\/\/www.mariastella.com\/\"},{\"@type\":\"ListItem\",\"position\":2,\"name\":\"Nos chambres\"}]},{\"@type\":\"WebSite\",\"@id\":\"https:\/\/www.mariastella.com\/#website\",\"url\":\"https:\/\/www.mariastella.com\/\",\"name\":\"H\u00f4tel MariaStella | Votre s\u00e9jour en Balagne, \u00e0 l&#039;\u00cele-Rousse en Corse\",\"description\":\"\",\"potentialAction\":[{\"@type\":\"SearchAction\",\"target\":{\"@type\":\"EntryPoint\",\"urlTemplate\":\"https:\/\/www.mariastella.com\/?s={search_term_string}\"},\"query-input\":{\"@type\":\"PropertyValueSpecification\",\"valueRequired\":true,\"valueName\":\"search_term_string\"}}],\"inLanguage\":\"en-GB\"}]}<\/script>\n<!-- \/ Yoast SEO plugin. -->","yoast_head_json":{"title":"Nos chambres - H\u00f4tel MariaStella | Votre s\u00e9jour en Balagne, \u00e0 l&#039;\u00cele-Rousse en Corse","description":"Les chambres de l'h\u00f4tel Maria Stella en Corse sont tr\u00e8s confortables pour vos vacances en Corse. Plusieurs gammes disponibles, vue mer, piscine ou montagnes","robots":{"index":"index","follow":"follow","max-snippet":"max-snippet:-1","max-image-preview":"max-image-preview:large","max-video-preview":"max-video-preview:-1"},"canonical":"https:\/\/www.mariastella.com\/en\/chambres-hotel-corse-mariastella\/","og_locale":"en_GB","og_type":"article","og_title":"Nos chambres - H\u00f4tel MariaStella | Votre s\u00e9jour en Balagne, \u00e0 l&#039;\u00cele-Rousse en Corse","og_description":"Les chambres de l'h\u00f4tel Maria Stella en Corse sont tr\u00e8s confortables pour vos vacances en Corse. Plusieurs gammes disponibles, vue mer, piscine ou montagnes","og_url":"https:\/\/www.mariastella.com\/en\/chambres-hotel-corse-mariastella\/","og_site_name":"H\u00f4tel MariaStella | Votre s\u00e9jour en Balagne, \u00e0 l&#039;\u00cele-Rousse en Corse","article_modified_time":"2022-06-24T14:07:15+00:00","og_image":[{"url":"https:\/\/www.mariastella.com\/wp-content\/uploads\/2020\/06\/image00005-700x466.jpeg","type":"","width":"","height":""}],"twitter_card":"summary_large_image","twitter_misc":{"Estimated reading time":"2 minutes"},"schema":{"@context":"https:\/\/schema.org","@graph":[{"@type":"WebPage","@id":"https:\/\/www.mariastella.com\/chambres-hotel-corse-mariastella\/","url":"https:\/\/www.mariastella.com\/chambres-hotel-corse-mariastella\/","name":"Nos chambres - H\u00f4tel MariaStella | Votre s\u00e9jour en Balagne, \u00e0 l&#039;\u00cele-Rousse en Corse","isPartOf":{"@id":"https:\/\/www.mariastella.com\/#website"},"primaryImageOfPage":{"@id":"https:\/\/www.mariastella.com\/chambres-hotel-corse-mariastella\/#primaryimage"},"image":{"@id":"https:\/\/www.mariastella.com\/chambres-hotel-corse-mariastella\/#primaryimage"},"thumbnailUrl":"https:\/\/www.mariastella.com\/wp-content\/uploads\/2020\/06\/image00005-700x466.jpeg","datePublished":"2018-06-13T11:45:42+00:00","dateModified":"2022-06-24T14:07:15+00:00","description":"Les chambres de l'h\u00f4tel Maria Stella en Corse sont tr\u00e8s confortables pour vos vacances en Corse. Plusieurs gammes disponibles, vue mer, piscine ou montagnes","breadcrumb":{"@id":"https:\/\/www.mariastella.com\/chambres-hotel-corse-mariastella\/#breadcrumb"},"inLanguage":"en-GB","potentialAction":[{"@type":"ReadAction","target":["https:\/\/www.mariastella.com\/chambres-hotel-corse-mariastella\/"]}]},{"@type":"ImageObject","inLanguage":"en-GB","@id":"https:\/\/www.mariastella.com\/chambres-hotel-corse-mariastella\/#primaryimage","url":"https:\/\/www.mariastella.com\/wp-content\/uploads\/2020\/06\/image00005-700x466.jpeg","contentUrl":"https:\/\/www.mariastella.com\/wp-content\/uploads\/2020\/06\/image00005-700x466.jpeg"},{"@type":"BreadcrumbList","@id":"https:\/\/www.mariastella.com\/chambres-hotel-corse-mariastella\/#breadcrumb","itemListElement":[{"@type":"ListItem","position":1,"name":"Accueil","item":"https:\/\/www.mariastella.com\/"},{"@type":"ListItem","position":2,"name":"Nos chambres"}]},{"@type":"WebSite","@id":"https:\/\/www.mariastella.com\/#website","url":"https:\/\/www.mariastella.com\/","name":"H\u00f4tel MariaStella | Votre s\u00e9jour en Balagne, \u00e0 l&#039;\u00cele-Rousse en Corse","description":"","potentialAction":[{"@type":"SearchAction","target":{"@type":"EntryPoint","urlTemplate":"https:\/\/www.mariastella.com\/?s={search_term_string}"},"query-input":{"@type":"PropertyValueSpecification","valueRequired":true,"valueName":"search_term_string"}}],"inLanguage":"en-GB"}]}},"_links":{"self":[{"href":"https:\/\/www.mariastella.com\/en\/wp-json\/wp\/v2\/pages\/204","targetHints":{"allow":["GET"]}}],"collection":[{"href":"https:\/\/www.mariastella.com\/en\/wp-json\/wp\/v2\/pages"}],"about":[{"href":"https:\/\/www.mariastella.com\/en\/wp-json\/wp\/v2\/types\/page"}],"author":[{"embeddable":true,"href":"https:\/\/www.mariastella.com\/en\/wp-json\/wp\/v2\/users\/1"}],"replies":[{"embeddable":true,"href":"https:\/\/www.mariastella.com\/en\/wp-json\/wp\/v2\/comments?post=204"}],"version-history":[{"count":38,"href":"https:\/\/www.mariastella.com\/en\/wp-json\/wp\/v2\/pages\/204\/revisions"}],"predecessor-version":[{"id":2557,"href":"https:\/\/www.mariastella.com\/en\/wp-json\/wp\/v2\/pages\/204\/revisions\/2557"}],"wp:attachment":[{"href":"https:\/\/www.mariastella.com\/en\/wp-json\/wp\/v2\/media?parent=204"}],"curies":[{"name":"wp","href":"https:\/\/api.w.org\/{rel}","templated":true}]}}