{"id":210,"date":"2018-06-14T09:08:11","date_gmt":"2018-06-14T09:08:11","guid":{"rendered":"https:\/\/themes.themegoods.com\/hoteller\/luxury\/?page_id=210"},"modified":"2025-07-21T09:16:18","modified_gmt":"2025-07-21T07:16:18","slug":"informations-et-cgv","status":"publish","type":"page","link":"https:\/\/www.mariastella.com\/en\/informations-et-cgv\/","title":{"rendered":"Informations et CGV"},"content":{"rendered":"<div data-elementor-type=\"wp-post\" data-elementor-id=\"210\" class=\"elementor elementor-210\">\n\t\t\t\t\t\t<section class=\"elementor-section elementor-top-section elementor-element elementor-element-42be523 elementor-section-stretched elementor-section-height-min-height elementor-section-boxed elementor-section-height-default elementor-section-items-middle\" data-id=\"42be523\" data-element_type=\"section\" data-settings=\"{&quot;stretch_section&quot;:&quot;section-stretched&quot;,&quot;background_background&quot;:&quot;classic&quot;,&quot;hoteller_ext_is_background_parallax&quot;:&quot;false&quot;,&quot;hoteller_ext_is_background_on_scroll&quot;:&quot;false&quot;}\">\n\t\t\t\t\t\t\t<div class=\"elementor-background-overlay\"><\/div>\n\t\t\t\t\t\t\t<div class=\"elementor-container elementor-column-gap-default\">\n\t\t\t\t\t<div class=\"elementor-column elementor-col-100 elementor-top-column elementor-element elementor-element-cccc483\" data-id=\"cccc483\" data-element_type=\"column\" data-settings=\"{&quot;hoteller_ext_link_sidemenu&quot;:&quot;false&quot;,&quot;hoteller_ext_link_fullmenu&quot;:&quot;false&quot;,&quot;hoteller_ext_is_scrollme&quot;:&quot;false&quot;,&quot;hoteller_ext_is_smoove&quot;:&quot;false&quot;,&quot;hoteller_ext_is_parallax_mouse&quot;:&quot;false&quot;,&quot;hoteller_ext_is_infinite&quot;:&quot;false&quot;,&quot;hoteller_ext_is_fadeout_animation&quot;:&quot;false&quot;,&quot;hoteller_ext_mobile_static&quot;:&quot;false&quot;}\">\n\t\t\t<div class=\"elementor-widget-wrap elementor-element-populated\">\n\t\t\t\t\t\t<div class=\"elementor-element elementor-element-2e512f4 elementor-invisible elementor-widget elementor-widget-heading\" data-id=\"2e512f4\" data-element_type=\"widget\" data-settings=\"{&quot;_animation&quot;:&quot;fadeInUp&quot;,&quot;hoteller_ext_link_sidemenu&quot;:&quot;false&quot;,&quot;hoteller_ext_link_fullmenu&quot;:&quot;false&quot;,&quot;hoteller_ext_is_scrollme&quot;:&quot;false&quot;,&quot;hoteller_ext_is_smoove&quot;:&quot;false&quot;,&quot;hoteller_ext_is_parallax_mouse&quot;:&quot;false&quot;,&quot;hoteller_ext_is_infinite&quot;:&quot;false&quot;,&quot;hoteller_ext_is_fadeout_animation&quot;:&quot;false&quot;,&quot;hoteller_ext_mobile_static&quot;:&quot;false&quot;}\" data-widget_type=\"heading.default\">\n\t\t\t\t<div class=\"elementor-widget-container\">\n\t\t\t\t\t<h1 class=\"elementor-heading-title elementor-size-default\">Informations &amp; Conditions G\u00e9n\u00e9rales de Vente<\/h1>\t\t\t\t<\/div>\n\t\t\t\t<\/div>\n\t\t\t\t\t<\/div>\n\t\t<\/div>\n\t\t\t\t\t<\/div>\n\t\t<\/section>\n\t\t\t\t<section class=\"elementor-section elementor-top-section elementor-element elementor-element-58cc764 elementor-section-boxed elementor-section-height-default elementor-section-height-default\" data-id=\"58cc764\" data-element_type=\"section\" data-settings=\"{&quot;hoteller_ext_is_background_parallax&quot;:&quot;false&quot;,&quot;hoteller_ext_is_background_on_scroll&quot;:&quot;false&quot;}\">\n\t\t\t\t\t\t<div class=\"elementor-container elementor-column-gap-default\">\n\t\t\t\t\t<div class=\"elementor-column elementor-col-100 elementor-top-column elementor-element elementor-element-c912e0e\" data-id=\"c912e0e\" data-element_type=\"column\" data-settings=\"{&quot;hoteller_ext_link_sidemenu&quot;:&quot;false&quot;,&quot;hoteller_ext_link_fullmenu&quot;:&quot;false&quot;,&quot;hoteller_ext_is_scrollme&quot;:&quot;false&quot;,&quot;hoteller_ext_is_smoove&quot;:&quot;false&quot;,&quot;hoteller_ext_is_parallax_mouse&quot;:&quot;false&quot;,&quot;hoteller_ext_is_infinite&quot;:&quot;false&quot;,&quot;hoteller_ext_is_fadeout_animation&quot;:&quot;false&quot;,&quot;hoteller_ext_mobile_static&quot;:&quot;false&quot;}\">\n\t\t\t<div class=\"elementor-widget-wrap elementor-element-populated\">\n\t\t\t\t\t\t<div class=\"elementor-element elementor-element-9532521 elementor-widget elementor-widget-text-editor\" data-id=\"9532521\" data-element_type=\"widget\" data-settings=\"{&quot;hoteller_ext_link_sidemenu&quot;:&quot;false&quot;,&quot;hoteller_ext_link_fullmenu&quot;:&quot;false&quot;,&quot;hoteller_ext_is_scrollme&quot;:&quot;false&quot;,&quot;hoteller_ext_is_smoove&quot;:&quot;false&quot;,&quot;hoteller_ext_is_parallax_mouse&quot;:&quot;false&quot;,&quot;hoteller_ext_is_infinite&quot;:&quot;false&quot;,&quot;hoteller_ext_is_fadeout_animation&quot;:&quot;false&quot;,&quot;hoteller_ext_mobile_static&quot;:&quot;false&quot;}\" data-widget_type=\"text-editor.default\">\n\t\t\t\t<div class=\"elementor-widget-container\">\n\t\t\t\t\t\t\t\t\t<p style=\"text-align: center;\"><strong><span style=\"text-decoration: underline;\">INFORMATIONS<\/span><\/strong><\/p><p style=\"text-align: center;\">Le client prendra possession de la chambre \u00e0 partir de 16 heures et est tenu de la lib\u00e9rer \u00e0 11h00 maximum<br \/>Un check-out tardif est possible jusqu\u2019\u00e0 14h00 au tarif de 30 euros, au-del\u00e0, la nuit sera factur\u00e9<br \/>Notre piscine est ouverte de 9h00 \u00e0 20h00<br \/>Un lit b\u00e9b\u00e9 peut \u00eatre ajout\u00e9 sur simple demande au tarif de 10 euros ( sous r\u00e9serve de disponibilit\u00e9 ) \u00e0 savoir que le linge de celui-ci n\u2019est pas fourni.<\/p><p style=\"text-align: center;\">Une bagagerie est disponible \u00e0 la r\u00e9ception gratuitement<br \/>Nous disposons d&rsquo;un grand parking ferm\u00e9 et s\u00e9curis\u00e9, ainsi que d&rsquo;un garage moto\/v\u00e9lo sans besoin de<br \/>r\u00e9servation au pr\u00e9alable, accessible gratuitement tout au long de votre s\u00e9jour, permettant gr\u00e2ce \u00e0 la<br \/>localisation de l&rsquo;h\u00f4tel de circuler librement \u00e0 pied dans le centre-ville ou la plage de l&rsquo;Ile Rousse<br \/>Pour les petits d\u00e9jeuners, nous vous proposons un buffet sal\u00e9 ou sucr\u00e9, \u00e0 d\u00e9guster en salle ou en terrasse tous<br \/>les matins de 7 h 00 \u00e0 10 h 00 au tarif de 14 euros<br \/>( 7 euros pour les moins de 12 ans )<br \/>Disponible \u00e0 la r\u00e9servation d\u00e8s votre arriv\u00e9e \u00e0 l\u2019h\u00f4tel, en nous t\u00e9l\u00e9phonant ou nous en nous envoyant un email<br \/>Pour toutes allergies ou intol\u00e9rances, merci de prendre vos dispositions<br \/>Les animaux ne sont pas admis dans l\u2019\u00e9tablissement.<\/p><p style=\"text-align: center;\">Tout client arrivant avec la pr\u00e9sence d&rsquo;un animal se verra refuser l&rsquo;acc\u00e8s \u00e0 la chambre et subir les co\u00fbts li\u00e9s \u00e0 cette impossibilit\u00e9 de s\u00e9journer dans l&rsquo;h\u00f4tel.<\/p><p style=\"text-align: center;\">Nous vous informons que chaque chambre de notre \u00e9tablissement est attribu\u00e9e selon une capacit\u00e9 d\u2019accueil pr\u00e9cise, indiqu\u00e9e lors de la r\u00e9servation.<br \/>En cas de d\u00e9passement du nombre de personnes pr\u00e9vu, un suppl\u00e9ment de 20 euros par personne (au-del\u00e0 de 3 ans) et par nuit sera syst\u00e9matiquement appliqu\u00e9.<br \/>Cette mesure r\u00e9pond \u00e0 des imp\u00e9ratifs de s\u00e9curit\u00e9, de confort et de conformit\u00e9 aux normes r\u00e9glementaires en vigueur.<br \/><br \/>L\u2019\u00e9tablissement d\u00e9cline toute responsabilit\u00e9 en cas de retard, modification ou annulation des moyens de transport (avion, bateau, etc.) permettant d\u2019acc\u00e9der \u00e0 l\u2019\u00eele, ces circonstances sont ind\u00e9pendantes de notre volont\u00e9.<\/p><p style=\"text-align: center;\">Taxes \u00e0 ajouter au prix de la chambre :<br \/>Taxe de s\u00e9jour : 1,87\u20ac par adulte par nuit<\/p><p style=\"text-align: center;\"><span style=\"text-decoration: underline;\"><strong>CONDITIONS GENERALES DE VENTE<\/strong><\/span><\/p><p style=\"text-align: center;\">Pr\u00e9ambule :<br \/>Les pr\u00e9sentes conditions g\u00e9n\u00e9rales de vente s\u2019appliquent \u00e0 toute utilisation du site internet par un client,<br \/>notamment \u00e0 la r\u00e9servation de tout h\u00e9bergement et service\/prestation par les canaux suivants :<br \/>&#8211; Sur le site internet https:\/\/www.mariastella.com<br \/>&#8211; Par t\u00e9l\u00e9phone ou par mail aupr\u00e8s de l\u2019h\u00f4tel<br \/>&#8211; Sur place aupr\u00e8s de l\u2019accueil de l\u2019h\u00f4tel<br \/>&#8211; Par le biais de Partenaires.<br \/>Notre h\u00f4tel se r\u00e9serve la possibilit\u00e9 d\u2019adapter ou de modifier les pr\u00e9sentes conditions g\u00e9n\u00e9rales de vente \u00e0 tout<br \/>moment. Les conditions g\u00e9n\u00e9rales de vente applicables \u00e0 une r\u00e9servation sont celles diffus\u00e9es sur le Site \u00e0 la<br \/>date de l\u2019enregistrement de la r\u00e9servation<br \/>La confirmation de r\u00e9servation entra\u00eene l\u2019adh\u00e9sion aux conditions de vente et l\u2019acceptation compl\u00e8te et sans<br \/>r\u00e9serve de leurs dispositions.<br \/>R\u00e9servations :<br \/>Toute r\u00e9servation r\u00e9alis\u00e9e par le biais du site www.mariastella.com suppose la consultation et l&rsquo;acceptation<br \/>compl\u00e8te et sans r\u00e9serve des pr\u00e9sentes conditions g\u00e9n\u00e9rales ainsi que des conditions de vente du tarif r\u00e9serv\u00e9<br \/>mentionn\u00e9es express\u00e9ment dans le descriptif du tarif s\u00e9lectionn\u00e9 au moment de la r\u00e9servation.<\/p><p style=\"text-align: center;\">Le client choisit son h\u00e9bergement et les services parmi ceux propos\u00e9s par l\u2019h\u00f4tel en fonction de ses besoins. Le<br \/>client reconna\u00eet avoir pris connaissance de la nature, du prix, de la destination et des modalit\u00e9s de r\u00e9servation<br \/>de l\u2019h\u00e9bergement et des services et avoir sollicit\u00e9 et obtenu des informations n\u00e9cessaires et\/ou<br \/>compl\u00e9mentaires, notamment les conditions de vente du tarif r\u00e9serv\u00e9, pour effectuer sa r\u00e9servation en parfaite<br \/>connaissance de cause.<br \/>Le client est seul responsable du choix de son h\u00e9bergement et des services ainsi que de leur ad\u00e9quation \u00e0 ses<br \/>besoins, de telle sorte que la responsabilit\u00e9 de l\u2019h\u00f4tel ne peut \u00eatre recherch\u00e9e \u00e0 cet \u00e9gard. La r\u00e9servation est<br \/>r\u00e9put\u00e9e accept\u00e9e par le client \u00e0 l&rsquo;issue du processus de r\u00e9servation.<br \/>Annulation ou modification :<br \/>Il est rappel\u00e9 au client, conform\u00e9ment \u00e0 l\u2019article L. 221-28 12\u00b0du Code de la consommation, qu\u2019il ne dispose<br \/>pas du droit de r\u00e9tractation pr\u00e9vu \u00e0 l\u2019article L. 221-18 du code de la consommation. Les conditions de vente du<br \/>tarif r\u00e9serv\u00e9 et accept\u00e9es par le client pr\u00e9cisent les modalit\u00e9s d\u2019annulation et\/ou de modification de la<br \/>r\u00e9servation. Si le client opte pour un tarif flexible, il devra prendre toutes les mesures n\u00e9cessaires afin que<br \/>l\u2019h\u00f4tel puisse proc\u00e9der au d\u00e9bit sur sa carte bancaire du montant de la r\u00e9servation restant \u00e0 payer \u00e0 compter<br \/>de la fin de la p\u00e9riode ouverte au client pour l\u2019annulation de sa r\u00e9servation. Dans l\u2019hypoth\u00e8se o\u00f9 ce r\u00e8glement<br \/>par le client n\u2019aurait pas pu \u00eatre constat\u00e9 malgr\u00e9 les relances de l\u2019h\u00f4tel, l\u2019h\u00f4tel pourra proc\u00e9der \u00e0 l\u2019annulation.<br \/>Les r\u00e9servations avec pr\u00e9paiement pour un tarif non remboursable et non annulable ne pourront faire l\u2019objet<br \/>d\u2019aucune modification et\/ ou annulation.<br \/>Un d\u00e9part anticip\u00e9 ne donne lieu \u00e0 aucun remboursement.<br \/>Les conditions d\u2019annulation et les cons\u00e9quences de la non-pr\u00e9sentation (no-show) du client \u00e0 l\u2019h\u00f4tel, sont<br \/>pr\u00e9cis\u00e9es dans les conditions de vente et les conditions d\u2018annulation du tarif r\u00e9serv\u00e9<br \/>Tarifs :<br \/>Les tarifs affich\u00e9s sur notre site sont sous r\u00e9serve de modification et disponibilit\u00e9<br \/>S\u00e9jour \u00e0 l\u2019h\u00f4tel :<br \/>Le client accepte et s\u2019engage \u00e0 utiliser la chambre ainsi que les espaces communs mis \u00e0 sa disposition, de<br \/>mani\u00e8re raisonnable. Tout d\u00e9g\u00e2t occasionn\u00e9 par le client ou par les occupants de son fait dans la chambre ou<br \/>dans les diff\u00e9rents espaces occup\u00e9s par lui au cours de son s\u00e9jour pourra lui \u00eatre directement factur\u00e9 \u00e0 hauteur<br \/>des frais de remise en \u00e9tat, les d\u00e9g\u00e2ts occasionn\u00e9s doivent en tout \u00e9tat de cause \u00eatre signal\u00e9s \u00e0 la r\u00e9ception de<br \/>l\u2019h\u00f4tel. Les \u00e9l\u00e9ments d\u2019\u00e9quipement des chambres mis \u00e0 disposition du client sont la propri\u00e9t\u00e9 de l\u2019h\u00f4tel. Dans<br \/>l\u2019hypoth\u00e8se o\u00f9 l\u2019h\u00f4tel constaterait leur absence apr\u00e8s la remise de la chambre par le client, ces \u00e9l\u00e9ments<br \/>pourront \u00eatre factur\u00e9s par l\u2019h\u00f4tel au client. Pour des raisons de s\u00e9curit\u00e9 et pour le respect de chacun, il est<br \/>formellement interdit de fumer dans l\u2019enceinte de l\u2019h\u00f4tel. Conform\u00e9ment au code de la sant\u00e9 publique dans ses<br \/>dispositions fixant les conditions d\u2019application de l\u2019interdiction de fumer dans les lieux affect\u00e9s \u00e0 un usage<br \/>collectif, fumer dans l\u2019h\u00f4tel expose notamment le client \u00e0 l\u2019amende pr\u00e9vue pour les contraventions de la<br \/>troisi\u00e8me classe. Dans l\u2019hypoth\u00e8se o\u00f9 le client ne proc\u00e8derait pas au check-out \u00e0 l\u2019horaire indiqu\u00e9, il lui sera<br \/>factur\u00e9 une nuit\u00e9e suppl\u00e9mentaire.<br \/>Une pi\u00e8ce d\u2019identit\u00e9 et une carte de cr\u00e9dit peut vous \u00eatre demand\u00e9 lors du check-in.<br \/>Paiement :<br \/>Toutes les \u00e9tapes de r\u00e9servations sont s\u00e9curis\u00e9es. Les informations du client sont crypt\u00e9es et prot\u00e9g\u00e9es gr\u00e2ce \u00e0<br \/>l&rsquo;authentification du serveur et au cryptage des flux de donn\u00e9es. Le syst\u00e8me de r\u00e9servation est h\u00e9berg\u00e9 dans un<br \/>environnement serveur s\u00e9curis\u00e9 \u00e9quip\u00e9 d&rsquo;une s\u00e9curit\u00e9 biom\u00e9trique, de pare-feu et d&rsquo;autres technologies<br \/>avanc\u00e9es pour \u00e9viter les interf\u00e9rences et emp\u00eacher toute intrusion.<\/p><p style=\"text-align: center;\">Convention de preuve :<br \/>La saisie des informations bancaires requises, ainsi que l\u2019acceptation des CGV et des conditions de vente du tarif<br \/>r\u00e9serv\u00e9, constitue l\u2019acceptation du contrat d\u2019h\u00f4tellerie, entre les parties, ayant la m\u00eame valeur qu&rsquo;une signature<br \/>manuscrite.<\/p>\t\t\t\t\t\t\t\t<\/div>\n\t\t\t\t<\/div>\n\t\t\t\t\t<\/div>\n\t\t<\/div>\n\t\t\t\t\t<\/div>\n\t\t<\/section>\n\t\t\t\t<\/div>","protected":false},"excerpt":{"rendered":"<p>Informations &amp; Conditions G\u00e9n\u00e9rales de Vente INFORMATIONS Le client prendra possession de la chambre \u00e0 partir de 16 heures et est tenu de la lib\u00e9rer \u00e0 11h00 maximumUn check-out tardif est possible jusqu\u2019\u00e0 14h00 au tarif de 30 euros, au-del\u00e0, [&hellip;]<\/p>","protected":false},"author":1,"featured_media":0,"parent":0,"menu_order":0,"comment_status":"closed","ping_status":"closed","template":"","meta":{"_monsterinsights_skip_tracking":false,"_monsterinsights_sitenote_active":false,"_monsterinsights_sitenote_note":"","_monsterinsights_sitenote_category":0,"footnotes":""},"class_list":["post-210","page","type-page","status-publish","hentry"],"yoast_head":"<!-- This site is optimized with the Yoast SEO plugin v26.2 - https:\/\/yoast.com\/wordpress\/plugins\/seo\/ -->\n<title>Informations et CGV - H\u00f4tel MariaStella | Votre s\u00e9jour en Balagne, \u00e0 l&#039;\u00cele-Rousse en Corse<\/title>\n<meta name=\"robots\" content=\"index, follow, max-snippet:-1, max-image-preview:large, max-video-preview:-1\" \/>\n<link rel=\"canonical\" href=\"https:\/\/www.mariastella.com\/en\/informations-et-cgv\/\" \/>\n<meta property=\"og:locale\" content=\"en_GB\" \/>\n<meta property=\"og:type\" content=\"article\" \/>\n<meta property=\"og:title\" content=\"Informations et CGV - H\u00f4tel MariaStella | Votre s\u00e9jour en Balagne, \u00e0 l&#039;\u00cele-Rousse en Corse\" \/>\n<meta property=\"og:description\" content=\"Informations &amp; Conditions G\u00e9n\u00e9rales de Vente INFORMATIONS Le client prendra possession de la chambre \u00e0 partir de 16 heures et est tenu de la lib\u00e9rer \u00e0 11h00 maximumUn check-out tardif est possible jusqu\u2019\u00e0 14h00 au tarif de 30 euros, au-del\u00e0, [&hellip;]\" \/>\n<meta property=\"og:url\" content=\"https:\/\/www.mariastella.com\/en\/informations-et-cgv\/\" \/>\n<meta property=\"og:site_name\" content=\"H\u00f4tel MariaStella | Votre s\u00e9jour en Balagne, \u00e0 l&#039;\u00cele-Rousse en Corse\" \/>\n<meta property=\"article:modified_time\" content=\"2025-07-21T07:16:18+00:00\" \/>\n<meta name=\"twitter:card\" content=\"summary_large_image\" \/>\n<meta name=\"twitter:label1\" content=\"Estimated reading time\" \/>\n\t<meta name=\"twitter:data1\" content=\"6 minutes\" \/>\n<script type=\"application\/ld+json\" class=\"yoast-schema-graph\">{\"@context\":\"https:\/\/schema.org\",\"@graph\":[{\"@type\":\"WebPage\",\"@id\":\"https:\/\/www.mariastella.com\/informations-et-cgv\/\",\"url\":\"https:\/\/www.mariastella.com\/informations-et-cgv\/\",\"name\":\"Informations et CGV - H\u00f4tel MariaStella | Votre s\u00e9jour en Balagne, \u00e0 l&#039;\u00cele-Rousse en Corse\",\"isPartOf\":{\"@id\":\"https:\/\/www.mariastella.com\/#website\"},\"datePublished\":\"2018-06-14T09:08:11+00:00\",\"dateModified\":\"2025-07-21T07:16:18+00:00\",\"breadcrumb\":{\"@id\":\"https:\/\/www.mariastella.com\/informations-et-cgv\/#breadcrumb\"},\"inLanguage\":\"en-GB\",\"potentialAction\":[{\"@type\":\"ReadAction\",\"target\":[\"https:\/\/www.mariastella.com\/informations-et-cgv\/\"]}]},{\"@type\":\"BreadcrumbList\",\"@id\":\"https:\/\/www.mariastella.com\/informations-et-cgv\/#breadcrumb\",\"itemListElement\":[{\"@type\":\"ListItem\",\"position\":1,\"name\":\"Accueil\",\"item\":\"https:\/\/www.mariastella.com\/\"},{\"@type\":\"ListItem\",\"position\":2,\"name\":\"Informations et CGV\"}]},{\"@type\":\"WebSite\",\"@id\":\"https:\/\/www.mariastella.com\/#website\",\"url\":\"https:\/\/www.mariastella.com\/\",\"name\":\"H\u00f4tel MariaStella | Votre s\u00e9jour en Balagne, \u00e0 l&#039;\u00cele-Rousse en Corse\",\"description\":\"\",\"potentialAction\":[{\"@type\":\"SearchAction\",\"target\":{\"@type\":\"EntryPoint\",\"urlTemplate\":\"https:\/\/www.mariastella.com\/?s={search_term_string}\"},\"query-input\":{\"@type\":\"PropertyValueSpecification\",\"valueRequired\":true,\"valueName\":\"search_term_string\"}}],\"inLanguage\":\"en-GB\"}]}<\/script>\n<!-- \/ Yoast SEO plugin. -->","yoast_head_json":{"title":"Informations et CGV - H\u00f4tel MariaStella | Votre s\u00e9jour en Balagne, \u00e0 l&#039;\u00cele-Rousse en Corse","robots":{"index":"index","follow":"follow","max-snippet":"max-snippet:-1","max-image-preview":"max-image-preview:large","max-video-preview":"max-video-preview:-1"},"canonical":"https:\/\/www.mariastella.com\/en\/informations-et-cgv\/","og_locale":"en_GB","og_type":"article","og_title":"Informations et CGV - H\u00f4tel MariaStella | Votre s\u00e9jour en Balagne, \u00e0 l&#039;\u00cele-Rousse en Corse","og_description":"Informations &amp; Conditions G\u00e9n\u00e9rales de Vente INFORMATIONS Le client prendra possession de la chambre \u00e0 partir de 16 heures et est tenu de la lib\u00e9rer \u00e0 11h00 maximumUn check-out tardif est possible jusqu\u2019\u00e0 14h00 au tarif de 30 euros, au-del\u00e0, [&hellip;]","og_url":"https:\/\/www.mariastella.com\/en\/informations-et-cgv\/","og_site_name":"H\u00f4tel MariaStella | Votre s\u00e9jour en Balagne, \u00e0 l&#039;\u00cele-Rousse en Corse","article_modified_time":"2025-07-21T07:16:18+00:00","twitter_card":"summary_large_image","twitter_misc":{"Estimated reading time":"6 minutes"},"schema":{"@context":"https:\/\/schema.org","@graph":[{"@type":"WebPage","@id":"https:\/\/www.mariastella.com\/informations-et-cgv\/","url":"https:\/\/www.mariastella.com\/informations-et-cgv\/","name":"Informations et CGV - H\u00f4tel MariaStella | Votre s\u00e9jour en Balagne, \u00e0 l&#039;\u00cele-Rousse en Corse","isPartOf":{"@id":"https:\/\/www.mariastella.com\/#website"},"datePublished":"2018-06-14T09:08:11+00:00","dateModified":"2025-07-21T07:16:18+00:00","breadcrumb":{"@id":"https:\/\/www.mariastella.com\/informations-et-cgv\/#breadcrumb"},"inLanguage":"en-GB","potentialAction":[{"@type":"ReadAction","target":["https:\/\/www.mariastella.com\/informations-et-cgv\/"]}]},{"@type":"BreadcrumbList","@id":"https:\/\/www.mariastella.com\/informations-et-cgv\/#breadcrumb","itemListElement":[{"@type":"ListItem","position":1,"name":"Accueil","item":"https:\/\/www.mariastella.com\/"},{"@type":"ListItem","position":2,"name":"Informations et CGV"}]},{"@type":"WebSite","@id":"https:\/\/www.mariastella.com\/#website","url":"https:\/\/www.mariastella.com\/","name":"H\u00f4tel MariaStella | Votre s\u00e9jour en Balagne, \u00e0 l&#039;\u00cele-Rousse en Corse","description":"","potentialAction":[{"@type":"SearchAction","target":{"@type":"EntryPoint","urlTemplate":"https:\/\/www.mariastella.com\/?s={search_term_string}"},"query-input":{"@type":"PropertyValueSpecification","valueRequired":true,"valueName":"search_term_string"}}],"inLanguage":"en-GB"}]}},"_links":{"self":[{"href":"https:\/\/www.mariastella.com\/en\/wp-json\/wp\/v2\/pages\/210","targetHints":{"allow":["GET"]}}],"collection":[{"href":"https:\/\/www.mariastella.com\/en\/wp-json\/wp\/v2\/pages"}],"about":[{"href":"https:\/\/www.mariastella.com\/en\/wp-json\/wp\/v2\/types\/page"}],"author":[{"embeddable":true,"href":"https:\/\/www.mariastella.com\/en\/wp-json\/wp\/v2\/users\/1"}],"replies":[{"embeddable":true,"href":"https:\/\/www.mariastella.com\/en\/wp-json\/wp\/v2\/comments?post=210"}],"version-history":[{"count":35,"href":"https:\/\/www.mariastella.com\/en\/wp-json\/wp\/v2\/pages\/210\/revisions"}],"predecessor-version":[{"id":2666,"href":"https:\/\/www.mariastella.com\/en\/wp-json\/wp\/v2\/pages\/210\/revisions\/2666"}],"wp:attachment":[{"href":"https:\/\/www.mariastella.com\/en\/wp-json\/wp\/v2\/media?parent=210"}],"curies":[{"name":"wp","href":"https:\/\/api.w.org\/{rel}","templated":true}]}}