{"id":785,"date":"2018-06-26T06:28:14","date_gmt":"2018-06-26T06:28:14","guid":{"rendered":"https:\/\/themes.themegoods.com\/hoteller\/luxury\/?page_id=785"},"modified":"2022-10-20T09:24:14","modified_gmt":"2022-10-20T07:24:14","slug":"gallerie-photos-hotel-maria-stella-corse","status":"publish","type":"page","link":"https:\/\/www.mariastella.com\/en\/gallerie-photos-hotel-maria-stella-corse\/","title":{"rendered":"Gallery Photos"},"content":{"rendered":"<div data-elementor-type=\"wp-post\" data-elementor-id=\"785\" class=\"elementor elementor-785\">\n\t\t\t\t\t\t<section class=\"elementor-section elementor-top-section elementor-element elementor-element-3819d2cc elementor-section-stretched elementor-section-height-min-height elementor-section-boxed elementor-section-height-default elementor-section-items-middle\" data-id=\"3819d2cc\" data-element_type=\"section\" data-settings=\"{&quot;stretch_section&quot;:&quot;section-stretched&quot;,&quot;background_background&quot;:&quot;classic&quot;,&quot;hoteller_ext_is_background_parallax&quot;:&quot;false&quot;,&quot;hoteller_ext_is_background_on_scroll&quot;:&quot;false&quot;}\">\n\t\t\t\t\t\t\t<div class=\"elementor-background-overlay\"><\/div>\n\t\t\t\t\t\t\t<div class=\"elementor-container elementor-column-gap-default\">\n\t\t\t\t\t<div class=\"elementor-column elementor-col-100 elementor-top-column elementor-element elementor-element-712ebef7\" data-id=\"712ebef7\" data-element_type=\"column\" data-settings=\"{&quot;hoteller_ext_link_sidemenu&quot;:&quot;false&quot;,&quot;hoteller_ext_link_fullmenu&quot;:&quot;false&quot;,&quot;hoteller_ext_is_scrollme&quot;:&quot;false&quot;,&quot;hoteller_ext_is_smoove&quot;:&quot;false&quot;,&quot;hoteller_ext_is_parallax_mouse&quot;:&quot;false&quot;,&quot;hoteller_ext_is_infinite&quot;:&quot;false&quot;,&quot;hoteller_ext_is_fadeout_animation&quot;:&quot;false&quot;,&quot;hoteller_ext_mobile_static&quot;:&quot;false&quot;}\">\n\t\t\t<div class=\"elementor-widget-wrap elementor-element-populated\">\n\t\t\t\t\t\t<div class=\"elementor-element elementor-element-65b4e6de elementor-invisible elementor-widget elementor-widget-heading\" data-id=\"65b4e6de\" data-element_type=\"widget\" data-settings=\"{&quot;_animation&quot;:&quot;fadeInUp&quot;,&quot;hoteller_ext_link_sidemenu&quot;:&quot;false&quot;,&quot;hoteller_ext_link_fullmenu&quot;:&quot;false&quot;,&quot;hoteller_ext_is_scrollme&quot;:&quot;false&quot;,&quot;hoteller_ext_is_smoove&quot;:&quot;false&quot;,&quot;hoteller_ext_is_parallax_mouse&quot;:&quot;false&quot;,&quot;hoteller_ext_is_infinite&quot;:&quot;false&quot;,&quot;hoteller_ext_is_fadeout_animation&quot;:&quot;false&quot;,&quot;hoteller_ext_mobile_static&quot;:&quot;false&quot;}\" data-widget_type=\"heading.default\">\n\t\t\t\t<div class=\"elementor-widget-container\">\n\t\t\t\t\t<h1 class=\"elementor-heading-title elementor-size-default\">Gallery Photos<\/h1>\t\t\t\t<\/div>\n\t\t\t\t<\/div>\n\t\t\t\t<div class=\"elementor-element elementor-element-55adc588 elementor-invisible elementor-widget elementor-widget-heading\" data-id=\"55adc588\" data-element_type=\"widget\" data-settings=\"{&quot;_animation&quot;:&quot;fadeInUp&quot;,&quot;_animation_delay&quot;:400,&quot;hoteller_ext_link_sidemenu&quot;:&quot;false&quot;,&quot;hoteller_ext_link_fullmenu&quot;:&quot;false&quot;,&quot;hoteller_ext_is_scrollme&quot;:&quot;false&quot;,&quot;hoteller_ext_is_smoove&quot;:&quot;false&quot;,&quot;hoteller_ext_is_parallax_mouse&quot;:&quot;false&quot;,&quot;hoteller_ext_is_infinite&quot;:&quot;false&quot;,&quot;hoteller_ext_is_fadeout_animation&quot;:&quot;false&quot;,&quot;hoteller_ext_mobile_static&quot;:&quot;false&quot;}\" data-widget_type=\"heading.default\">\n\t\t\t\t<div class=\"elementor-widget-container\">\n\t\t\t\t\t<h5 class=\"elementor-heading-title elementor-size-default\">Discover the hotel with eyes<\/h5>\t\t\t\t<\/div>\n\t\t\t\t<\/div>\n\t\t\t\t\t<\/div>\n\t\t<\/div>\n\t\t\t\t\t<\/div>\n\t\t<\/section>\n\t\t\t\t<section class=\"elementor-section elementor-top-section elementor-element elementor-element-8a8a326 elementor-section-boxed elementor-section-height-default elementor-section-height-default\" data-id=\"8a8a326\" data-element_type=\"section\" data-settings=\"{&quot;hoteller_ext_is_background_parallax&quot;:&quot;false&quot;,&quot;hoteller_ext_is_background_on_scroll&quot;:&quot;false&quot;}\">\n\t\t\t\t\t\t<div class=\"elementor-container elementor-column-gap-default\">\n\t\t\t\t\t<div class=\"elementor-column elementor-col-100 elementor-top-column elementor-element elementor-element-d3af3af\" data-id=\"d3af3af\" data-element_type=\"column\" data-settings=\"{&quot;hoteller_ext_link_sidemenu&quot;:&quot;false&quot;,&quot;hoteller_ext_link_fullmenu&quot;:&quot;false&quot;,&quot;hoteller_ext_is_scrollme&quot;:&quot;false&quot;,&quot;hoteller_ext_is_smoove&quot;:&quot;false&quot;,&quot;hoteller_ext_is_parallax_mouse&quot;:&quot;false&quot;,&quot;hoteller_ext_is_infinite&quot;:&quot;false&quot;,&quot;hoteller_ext_is_fadeout_animation&quot;:&quot;false&quot;,&quot;hoteller_ext_mobile_static&quot;:&quot;false&quot;}\">\n\t\t\t<div class=\"elementor-widget-wrap elementor-element-populated\">\n\t\t\t\t\t\t<div class=\"elementor-element elementor-element-c222a70 elementor-widget elementor-widget-hoteller-gallery-grid\" data-id=\"c222a70\" data-element_type=\"widget\" data-settings=\"{&quot;hoteller_ext_link_sidemenu&quot;:&quot;false&quot;,&quot;hoteller_ext_link_fullmenu&quot;:&quot;false&quot;,&quot;hoteller_ext_is_scrollme&quot;:&quot;false&quot;,&quot;hoteller_ext_is_smoove&quot;:&quot;false&quot;,&quot;hoteller_ext_is_parallax_mouse&quot;:&quot;false&quot;,&quot;hoteller_ext_is_infinite&quot;:&quot;false&quot;,&quot;hoteller_ext_is_fadeout_animation&quot;:&quot;false&quot;,&quot;hoteller_ext_mobile_static&quot;:&quot;false&quot;}\" data-widget_type=\"hoteller-gallery-grid.default\">\n\t\t\t\t<div class=\"elementor-widget-container\">\n\t\t\t\t\t<div class=\"gallery_grid_content_wrapper layout_tg_three_cols\">\n\t\t<div class=\"gallery_grid_item tg_three_cols  gallery-grid-tilt\">\n\t\t\t\t\t\t\t<a class=\"tg_gallery_lightbox\" href=\"https:\/\/www.mariastella.com\/wp-content\/uploads\/2022\/05\/0F6D2124-D18D-456C-B4B2-5A9CCABCDE2A.jpg\" data-thumb=\"https:\/\/www.mariastella.com\/wp-content\/uploads\/2022\/05\/0F6D2124-D18D-456C-B4B2-5A9CCABCDE2A-300x225.jpg\" data-rel=\"tg_galleryc222a70\"  >\n\t\t\t\t\t\t\t<img decoding=\"async\"  src=\"https:\/\/www.mariastella.com\/wp-content\/uploads\/2022\/05\/0F6D2124-D18D-456C-B4B2-5A9CCABCDE2A-700x466.jpg\" class=\"\" alt=\"\" \/>\n\t\t\t\t\t\t\t<\/a>\n\t\t\t\t\t<\/div>\n\t\t<div class=\"gallery_grid_item tg_three_cols  gallery-grid-tilt\">\n\t\t\t\t\t\t\t<a class=\"tg_gallery_lightbox\" href=\"https:\/\/www.mariastella.com\/wp-content\/uploads\/2022\/05\/AEE4C788-7DEE-4B83-95CD-2710ECDDB21B.jpg\" data-thumb=\"https:\/\/www.mariastella.com\/wp-content\/uploads\/2022\/05\/AEE4C788-7DEE-4B83-95CD-2710ECDDB21B-300x220.jpg\" data-rel=\"tg_galleryc222a70\"  >\n\t\t\t\t\t\t\t<img decoding=\"async\"  src=\"https:\/\/www.mariastella.com\/wp-content\/uploads\/2022\/05\/AEE4C788-7DEE-4B83-95CD-2710ECDDB21B-700x466.jpg\" class=\"\" alt=\"\" \/>\n\t\t\t\t\t\t\t<\/a>\n\t\t\t\t\t<\/div>\n\t\t<div class=\"gallery_grid_item tg_three_cols last gallery-grid-tilt\">\n\t\t\t\t\t\t\t<a class=\"tg_gallery_lightbox\" href=\"https:\/\/www.mariastella.com\/wp-content\/uploads\/2022\/05\/F22D5289-FFB3-4216-B38E-332AE59867C4.jpg\" data-thumb=\"https:\/\/www.mariastella.com\/wp-content\/uploads\/2022\/05\/F22D5289-FFB3-4216-B38E-332AE59867C4-300x225.jpg\" data-rel=\"tg_galleryc222a70\"  >\n\t\t\t\t\t\t\t<img decoding=\"async\"  src=\"https:\/\/www.mariastella.com\/wp-content\/uploads\/2022\/05\/F22D5289-FFB3-4216-B38E-332AE59867C4-700x466.jpg\" class=\"\" alt=\"\" \/>\n\t\t\t\t\t\t\t<\/a>\n\t\t\t\t\t<\/div>\n\t\t<div class=\"gallery_grid_item tg_three_cols  gallery-grid-tilt\">\n\t\t\t\t\t\t\t<a class=\"tg_gallery_lightbox\" href=\"https:\/\/www.mariastella.com\/wp-content\/uploads\/2022\/05\/mariastella-hotel-corse-ile-rousse-home2.jpg\" data-thumb=\"https:\/\/www.mariastella.com\/wp-content\/uploads\/2022\/05\/mariastella-hotel-corse-ile-rousse-home2-300x131.jpg\" data-rel=\"tg_galleryc222a70\"  >\n\t\t\t\t\t\t\t<img decoding=\"async\"  src=\"https:\/\/www.mariastella.com\/wp-content\/uploads\/2022\/05\/mariastella-hotel-corse-ile-rousse-home2-700x466.jpg\" class=\"\" alt=\"\" \/>\n\t\t\t\t\t\t\t<\/a>\n\t\t\t\t\t<\/div>\n\t\t<div class=\"gallery_grid_item tg_three_cols  gallery-grid-tilt\">\n\t\t\t\t\t\t\t<a class=\"tg_gallery_lightbox\" href=\"https:\/\/www.mariastella.com\/wp-content\/uploads\/2022\/05\/A94456BA-9F30-4825-A9D5-E7A44ABCFB66.jpg\" data-thumb=\"https:\/\/www.mariastella.com\/wp-content\/uploads\/2022\/05\/A94456BA-9F30-4825-A9D5-E7A44ABCFB66-300x225.jpg\" data-rel=\"tg_galleryc222a70\"  >\n\t\t\t\t\t\t\t<img decoding=\"async\"  src=\"https:\/\/www.mariastella.com\/wp-content\/uploads\/2022\/05\/A94456BA-9F30-4825-A9D5-E7A44ABCFB66-700x466.jpg\" class=\"\" alt=\"\" \/>\n\t\t\t\t\t\t\t<\/a>\n\t\t\t\t\t<\/div>\n\t\t<div class=\"gallery_grid_item tg_three_cols last gallery-grid-tilt\">\n\t\t\t\t\t\t\t<a class=\"tg_gallery_lightbox\" href=\"https:\/\/www.mariastella.com\/wp-content\/uploads\/2022\/05\/mariastella-hotel-corse-ile-rousse-home1.jpg\" data-thumb=\"https:\/\/www.mariastella.com\/wp-content\/uploads\/2022\/05\/mariastella-hotel-corse-ile-rousse-home1-300x131.jpg\" data-rel=\"tg_galleryc222a70\"  >\n\t\t\t\t\t\t\t<img decoding=\"async\"  src=\"https:\/\/www.mariastella.com\/wp-content\/uploads\/2022\/05\/mariastella-hotel-corse-ile-rousse-home1-700x466.jpg\" class=\"\" alt=\"\" \/>\n\t\t\t\t\t\t\t<\/a>\n\t\t\t\t\t<\/div>\n\t\t<div class=\"gallery_grid_item tg_three_cols  gallery-grid-tilt\">\n\t\t\t\t\t\t\t<a class=\"tg_gallery_lightbox\" href=\"https:\/\/www.mariastella.com\/wp-content\/uploads\/2022\/05\/38C503C8-A0D0-44BA-83C1-B903D209352D.jpg\" data-thumb=\"https:\/\/www.mariastella.com\/wp-content\/uploads\/2022\/05\/38C503C8-A0D0-44BA-83C1-B903D209352D-300x225.jpg\" data-rel=\"tg_galleryc222a70\"  >\n\t\t\t\t\t\t\t<img decoding=\"async\"  src=\"https:\/\/www.mariastella.com\/wp-content\/uploads\/2022\/05\/38C503C8-A0D0-44BA-83C1-B903D209352D-700x466.jpg\" class=\"\" alt=\"\" \/>\n\t\t\t\t\t\t\t<\/a>\n\t\t\t\t\t<\/div>\n\t\t<div class=\"gallery_grid_item tg_three_cols  gallery-grid-tilt\">\n\t\t\t\t\t\t\t<a class=\"tg_gallery_lightbox\" href=\"https:\/\/www.mariastella.com\/wp-content\/uploads\/2022\/05\/042A72B0-9981-40EB-A970-651102DFB087.jpg\" data-thumb=\"https:\/\/www.mariastella.com\/wp-content\/uploads\/2022\/05\/042A72B0-9981-40EB-A970-651102DFB087-300x225.jpg\" data-rel=\"tg_galleryc222a70\"  >\n\t\t\t\t\t\t\t<img decoding=\"async\"  src=\"https:\/\/www.mariastella.com\/wp-content\/uploads\/2022\/05\/042A72B0-9981-40EB-A970-651102DFB087-700x466.jpg\" class=\"\" alt=\"\" \/>\n\t\t\t\t\t\t\t<\/a>\n\t\t\t\t\t<\/div>\n\t\t<div class=\"gallery_grid_item tg_three_cols last gallery-grid-tilt\">\n\t\t\t\t\t\t\t<a class=\"tg_gallery_lightbox\" href=\"https:\/\/www.mariastella.com\/wp-content\/uploads\/2022\/05\/AA65389F-D846-447F-810C-5F49F1DCB669.jpg\" data-thumb=\"https:\/\/www.mariastella.com\/wp-content\/uploads\/2022\/05\/AA65389F-D846-447F-810C-5F49F1DCB669-300x225.jpg\" data-rel=\"tg_galleryc222a70\"  >\n\t\t\t\t\t\t\t<img decoding=\"async\"  src=\"https:\/\/www.mariastella.com\/wp-content\/uploads\/2022\/05\/AA65389F-D846-447F-810C-5F49F1DCB669-700x466.jpg\" class=\"\" alt=\"\" \/>\n\t\t\t\t\t\t\t<\/a>\n\t\t\t\t\t<\/div>\n<br class=\"clear\"\/>\n<\/div>\n\t\t\t\t<\/div>\n\t\t\t\t<\/div>\n\t\t\t\t\t<\/div>\n\t\t<\/div>\n\t\t\t\t\t<\/div>\n\t\t<\/section>\n\t\t\t\t<\/div>","protected":false},"excerpt":{"rendered":"<p>Galerie Photos D\u00e9couvrez l&rsquo;h\u00f4tel par la vue<\/p>","protected":false},"author":1,"featured_media":0,"parent":0,"menu_order":0,"comment_status":"closed","ping_status":"closed","template":"","meta":{"_monsterinsights_skip_tracking":false,"_monsterinsights_sitenote_active":false,"_monsterinsights_sitenote_note":"","_monsterinsights_sitenote_category":0,"footnotes":""},"class_list":["post-785","page","type-page","status-publish","hentry"],"yoast_head":"<!-- This site is optimized with the Yoast SEO plugin v26.2 - https:\/\/yoast.com\/wordpress\/plugins\/seo\/ -->\n<title>Galerie Photos - H\u00f4tel MariaStella | Votre s\u00e9jour en Balagne, \u00e0 l&#039;\u00cele-Rousse en Corse<\/title>\n<meta name=\"robots\" content=\"index, follow, max-snippet:-1, max-image-preview:large, max-video-preview:-1\" \/>\n<link rel=\"canonical\" href=\"https:\/\/www.mariastella.com\/en\/gallerie-photos-hotel-maria-stella-corse\/\" \/>\n<meta property=\"og:locale\" content=\"en_GB\" \/>\n<meta property=\"og:type\" content=\"article\" \/>\n<meta property=\"og:title\" content=\"Galerie Photos - H\u00f4tel MariaStella | Votre s\u00e9jour en Balagne, \u00e0 l&#039;\u00cele-Rousse en Corse\" \/>\n<meta property=\"og:description\" content=\"Galerie Photos D\u00e9couvrez l&rsquo;h\u00f4tel par la vue\" \/>\n<meta property=\"og:url\" content=\"https:\/\/www.mariastella.com\/en\/gallerie-photos-hotel-maria-stella-corse\/\" \/>\n<meta property=\"og:site_name\" content=\"H\u00f4tel MariaStella | Votre s\u00e9jour en Balagne, \u00e0 l&#039;\u00cele-Rousse en Corse\" \/>\n<meta property=\"article:modified_time\" content=\"2022-10-20T07:24:14+00:00\" \/>\n<meta property=\"og:image\" content=\"https:\/\/www.mariastella.com\/wp-content\/uploads\/2022\/05\/0F6D2124-D18D-456C-B4B2-5A9CCABCDE2A-700x466.jpg\" \/>\n<meta name=\"twitter:card\" content=\"summary_large_image\" \/>\n<meta name=\"twitter:label1\" content=\"Estimated reading time\" \/>\n\t<meta name=\"twitter:data1\" content=\"5 minutes\" \/>\n<script type=\"application\/ld+json\" class=\"yoast-schema-graph\">{\"@context\":\"https:\/\/schema.org\",\"@graph\":[{\"@type\":\"WebPage\",\"@id\":\"https:\/\/www.mariastella.com\/gallerie-photos-hotel-maria-stella-corse\/\",\"url\":\"https:\/\/www.mariastella.com\/gallerie-photos-hotel-maria-stella-corse\/\",\"name\":\"Galerie Photos - H\u00f4tel MariaStella | Votre s\u00e9jour en Balagne, \u00e0 l&#039;\u00cele-Rousse en Corse\",\"isPartOf\":{\"@id\":\"https:\/\/www.mariastella.com\/#website\"},\"primaryImageOfPage\":{\"@id\":\"https:\/\/www.mariastella.com\/gallerie-photos-hotel-maria-stella-corse\/#primaryimage\"},\"image\":{\"@id\":\"https:\/\/www.mariastella.com\/gallerie-photos-hotel-maria-stella-corse\/#primaryimage\"},\"thumbnailUrl\":\"https:\/\/www.mariastella.com\/wp-content\/uploads\/2022\/05\/0F6D2124-D18D-456C-B4B2-5A9CCABCDE2A-700x466.jpg\",\"datePublished\":\"2018-06-26T06:28:14+00:00\",\"dateModified\":\"2022-10-20T07:24:14+00:00\",\"breadcrumb\":{\"@id\":\"https:\/\/www.mariastella.com\/gallerie-photos-hotel-maria-stella-corse\/#breadcrumb\"},\"inLanguage\":\"en-GB\",\"potentialAction\":[{\"@type\":\"ReadAction\",\"target\":[\"https:\/\/www.mariastella.com\/gallerie-photos-hotel-maria-stella-corse\/\"]}]},{\"@type\":\"ImageObject\",\"inLanguage\":\"en-GB\",\"@id\":\"https:\/\/www.mariastella.com\/gallerie-photos-hotel-maria-stella-corse\/#primaryimage\",\"url\":\"https:\/\/www.mariastella.com\/wp-content\/uploads\/2022\/05\/0F6D2124-D18D-456C-B4B2-5A9CCABCDE2A-700x466.jpg\",\"contentUrl\":\"https:\/\/www.mariastella.com\/wp-content\/uploads\/2022\/05\/0F6D2124-D18D-456C-B4B2-5A9CCABCDE2A-700x466.jpg\"},{\"@type\":\"BreadcrumbList\",\"@id\":\"https:\/\/www.mariastella.com\/gallerie-photos-hotel-maria-stella-corse\/#breadcrumb\",\"itemListElement\":[{\"@type\":\"ListItem\",\"position\":1,\"name\":\"Accueil\",\"item\":\"https:\/\/www.mariastella.com\/\"},{\"@type\":\"ListItem\",\"position\":2,\"name\":\"Galerie Photos\"}]},{\"@type\":\"WebSite\",\"@id\":\"https:\/\/www.mariastella.com\/#website\",\"url\":\"https:\/\/www.mariastella.com\/\",\"name\":\"H\u00f4tel MariaStella | Votre s\u00e9jour en Balagne, \u00e0 l&#039;\u00cele-Rousse en Corse\",\"description\":\"\",\"potentialAction\":[{\"@type\":\"SearchAction\",\"target\":{\"@type\":\"EntryPoint\",\"urlTemplate\":\"https:\/\/www.mariastella.com\/?s={search_term_string}\"},\"query-input\":{\"@type\":\"PropertyValueSpecification\",\"valueRequired\":true,\"valueName\":\"search_term_string\"}}],\"inLanguage\":\"en-GB\"}]}<\/script>\n<!-- \/ Yoast SEO plugin. -->","yoast_head_json":{"title":"Galerie Photos - H\u00f4tel MariaStella | Votre s\u00e9jour en Balagne, \u00e0 l&#039;\u00cele-Rousse en Corse","robots":{"index":"index","follow":"follow","max-snippet":"max-snippet:-1","max-image-preview":"max-image-preview:large","max-video-preview":"max-video-preview:-1"},"canonical":"https:\/\/www.mariastella.com\/en\/gallerie-photos-hotel-maria-stella-corse\/","og_locale":"en_GB","og_type":"article","og_title":"Galerie Photos - H\u00f4tel MariaStella | Votre s\u00e9jour en Balagne, \u00e0 l&#039;\u00cele-Rousse en Corse","og_description":"Galerie Photos D\u00e9couvrez l&rsquo;h\u00f4tel par la vue","og_url":"https:\/\/www.mariastella.com\/en\/gallerie-photos-hotel-maria-stella-corse\/","og_site_name":"H\u00f4tel MariaStella | Votre s\u00e9jour en Balagne, \u00e0 l&#039;\u00cele-Rousse en Corse","article_modified_time":"2022-10-20T07:24:14+00:00","og_image":[{"url":"https:\/\/www.mariastella.com\/wp-content\/uploads\/2022\/05\/0F6D2124-D18D-456C-B4B2-5A9CCABCDE2A-700x466.jpg","type":"","width":"","height":""}],"twitter_card":"summary_large_image","twitter_misc":{"Estimated reading time":"5 minutes"},"schema":{"@context":"https:\/\/schema.org","@graph":[{"@type":"WebPage","@id":"https:\/\/www.mariastella.com\/gallerie-photos-hotel-maria-stella-corse\/","url":"https:\/\/www.mariastella.com\/gallerie-photos-hotel-maria-stella-corse\/","name":"Galerie Photos - H\u00f4tel MariaStella | Votre s\u00e9jour en Balagne, \u00e0 l&#039;\u00cele-Rousse en Corse","isPartOf":{"@id":"https:\/\/www.mariastella.com\/#website"},"primaryImageOfPage":{"@id":"https:\/\/www.mariastella.com\/gallerie-photos-hotel-maria-stella-corse\/#primaryimage"},"image":{"@id":"https:\/\/www.mariastella.com\/gallerie-photos-hotel-maria-stella-corse\/#primaryimage"},"thumbnailUrl":"https:\/\/www.mariastella.com\/wp-content\/uploads\/2022\/05\/0F6D2124-D18D-456C-B4B2-5A9CCABCDE2A-700x466.jpg","datePublished":"2018-06-26T06:28:14+00:00","dateModified":"2022-10-20T07:24:14+00:00","breadcrumb":{"@id":"https:\/\/www.mariastella.com\/gallerie-photos-hotel-maria-stella-corse\/#breadcrumb"},"inLanguage":"en-GB","potentialAction":[{"@type":"ReadAction","target":["https:\/\/www.mariastella.com\/gallerie-photos-hotel-maria-stella-corse\/"]}]},{"@type":"ImageObject","inLanguage":"en-GB","@id":"https:\/\/www.mariastella.com\/gallerie-photos-hotel-maria-stella-corse\/#primaryimage","url":"https:\/\/www.mariastella.com\/wp-content\/uploads\/2022\/05\/0F6D2124-D18D-456C-B4B2-5A9CCABCDE2A-700x466.jpg","contentUrl":"https:\/\/www.mariastella.com\/wp-content\/uploads\/2022\/05\/0F6D2124-D18D-456C-B4B2-5A9CCABCDE2A-700x466.jpg"},{"@type":"BreadcrumbList","@id":"https:\/\/www.mariastella.com\/gallerie-photos-hotel-maria-stella-corse\/#breadcrumb","itemListElement":[{"@type":"ListItem","position":1,"name":"Accueil","item":"https:\/\/www.mariastella.com\/"},{"@type":"ListItem","position":2,"name":"Galerie Photos"}]},{"@type":"WebSite","@id":"https:\/\/www.mariastella.com\/#website","url":"https:\/\/www.mariastella.com\/","name":"H\u00f4tel MariaStella | Votre s\u00e9jour en Balagne, \u00e0 l&#039;\u00cele-Rousse en Corse","description":"","potentialAction":[{"@type":"SearchAction","target":{"@type":"EntryPoint","urlTemplate":"https:\/\/www.mariastella.com\/?s={search_term_string}"},"query-input":{"@type":"PropertyValueSpecification","valueRequired":true,"valueName":"search_term_string"}}],"inLanguage":"en-GB"}]}},"_links":{"self":[{"href":"https:\/\/www.mariastella.com\/en\/wp-json\/wp\/v2\/pages\/785","targetHints":{"allow":["GET"]}}],"collection":[{"href":"https:\/\/www.mariastella.com\/en\/wp-json\/wp\/v2\/pages"}],"about":[{"href":"https:\/\/www.mariastella.com\/en\/wp-json\/wp\/v2\/types\/page"}],"author":[{"embeddable":true,"href":"https:\/\/www.mariastella.com\/en\/wp-json\/wp\/v2\/users\/1"}],"replies":[{"embeddable":true,"href":"https:\/\/www.mariastella.com\/en\/wp-json\/wp\/v2\/comments?post=785"}],"version-history":[{"count":23,"href":"https:\/\/www.mariastella.com\/en\/wp-json\/wp\/v2\/pages\/785\/revisions"}],"predecessor-version":[{"id":2567,"href":"https:\/\/www.mariastella.com\/en\/wp-json\/wp\/v2\/pages\/785\/revisions\/2567"}],"wp:attachment":[{"href":"https:\/\/www.mariastella.com\/en\/wp-json\/wp\/v2\/media?parent=785"}],"curies":[{"name":"wp","href":"https:\/\/api.w.org\/{rel}","templated":true}]}}